{"id":131,"date":"2022-11-24T16:13:10","date_gmt":"2022-11-24T16:13:10","guid":{"rendered":"https:\/\/gelleri.de\/?page_id=131"},"modified":"2023-01-22T16:16:45","modified_gmt":"2023-01-22T16:16:45","slug":"emils-verwandte","status":"publish","type":"page","link":"https:\/\/gelleri.de\/?page_id=131","title":{"rendered":"Emils Verwandte"},"content":{"rendered":"\n<div class=\"is-layout-flex wp-container-6 wp-block-columns\">\n<div class=\"is-layout-flow wp-block-column\">\n<div class=\"is-layout-flex wp-container-3 wp-block-columns\">\n<div class=\"is-layout-flow wp-block-column\">\n<p><a href=\"https:\/\/gelleri.de\/\" data-type=\"URL\" data-id=\"https:\/\/gelleri.de\/\">Home<\/a><\/p>\n<\/div>\n\n\n\n<div class=\"is-layout-flow wp-block-column\"><\/div>\n<\/div>\n<\/div>\n\n\n\n<div class=\"is-layout-flow wp-block-column\"><\/div>\n<\/div>\n\n\n\n<div class=\"is-layout-flex wp-container-9 wp-block-columns\">\n<div class=\"is-layout-flow wp-block-column\">\n<figure class=\"wp-block-image size-large\"><img decoding=\"async\" loading=\"lazy\" width=\"1024\" height=\"706\" src=\"https:\/\/gelleri.de\/wp-content\/uploads\/2022\/11\/h-0212b3f-vier-4-Generationen-Kisebb-1024x706.jpg\" alt=\"\" class=\"wp-image-101\" srcset=\"https:\/\/gelleri.de\/wp-content\/uploads\/2022\/11\/h-0212b3f-vier-4-Generationen-Kisebb-1024x706.jpg 1024w, https:\/\/gelleri.de\/wp-content\/uploads\/2022\/11\/h-0212b3f-vier-4-Generationen-Kisebb-300x207.jpg 300w, https:\/\/gelleri.de\/wp-content\/uploads\/2022\/11\/h-0212b3f-vier-4-Generationen-Kisebb-768x530.jpg 768w, https:\/\/gelleri.de\/wp-content\/uploads\/2022\/11\/h-0212b3f-vier-4-Generationen-Kisebb-1536x1059.jpg 1536w, https:\/\/gelleri.de\/wp-content\/uploads\/2022\/11\/h-0212b3f-vier-4-Generationen-Kisebb.jpg 2046w\" sizes=\"(max-width: 1024px) 100vw, 1024px\" \/><figcaption class=\"wp-element-caption\">2012 Vier Generationen, Enkel Tobi, Emil, Sohn Oli, Sany (Rimler Anna, Mutter)<\/figcaption><\/figure>\n<\/div>\n\n\n\n<div class=\"is-layout-flow wp-block-column\">\n<figure class=\"wp-block-image size-large is-resized\"><img decoding=\"async\" loading=\"lazy\" src=\"https:\/\/gelleri.de\/wp-content\/uploads\/2022\/11\/2012we-83-Liz-Tobi-Emil-Oli-1024x681.jpg\" alt=\"\" class=\"wp-image-36\" width=\"307\" height=\"204\" srcset=\"https:\/\/gelleri.de\/wp-content\/uploads\/2022\/11\/2012we-83-Liz-Tobi-Emil-Oli-1024x681.jpg 1024w, https:\/\/gelleri.de\/wp-content\/uploads\/2022\/11\/2012we-83-Liz-Tobi-Emil-Oli-300x199.jpg 300w, https:\/\/gelleri.de\/wp-content\/uploads\/2022\/11\/2012we-83-Liz-Tobi-Emil-Oli-768x511.jpg 768w, https:\/\/gelleri.de\/wp-content\/uploads\/2022\/11\/2012we-83-Liz-Tobi-Emil-Oli-1536x1021.jpg 1536w, https:\/\/gelleri.de\/wp-content\/uploads\/2022\/11\/2012we-83-Liz-Tobi-Emil-Oli-2048x1362.jpg 2048w\" sizes=\"(max-width: 307px) 100vw, 307px\" \/><figcaption class=\"wp-element-caption\">2012 Liz (Ehefrau), Tobi, Emil, Oli im Wohnzimmer<\/figcaption><\/figure>\n<\/div>\n<\/div>\n\n\n\n<div class=\"is-layout-flex wp-container-14 wp-block-columns\">\n<div class=\"is-layout-flow wp-block-column\">\n<figure class=\"wp-block-image size-large\"><img decoding=\"async\" loading=\"lazy\" width=\"1024\" height=\"722\" src=\"https:\/\/gelleri.de\/wp-content\/uploads\/2023\/01\/sz-0-25a-1989-d1-Ivan-Sany-Szentendre-1024x722.jpg\" alt=\"\" class=\"wp-image-257\" srcset=\"https:\/\/gelleri.de\/wp-content\/uploads\/2023\/01\/sz-0-25a-1989-d1-Ivan-Sany-Szentendre-1024x722.jpg 1024w, https:\/\/gelleri.de\/wp-content\/uploads\/2023\/01\/sz-0-25a-1989-d1-Ivan-Sany-Szentendre-300x211.jpg 300w, https:\/\/gelleri.de\/wp-content\/uploads\/2023\/01\/sz-0-25a-1989-d1-Ivan-Sany-Szentendre-768x541.jpg 768w, https:\/\/gelleri.de\/wp-content\/uploads\/2023\/01\/sz-0-25a-1989-d1-Ivan-Sany-Szentendre-1536x1083.jpg 1536w, https:\/\/gelleri.de\/wp-content\/uploads\/2023\/01\/sz-0-25a-1989-d1-Ivan-Sany-Szentendre.jpg 1989w\" sizes=\"(max-width: 1024px) 100vw, 1024px\" \/><figcaption class=\"wp-element-caption\">1989 Sany (Rimler Anna) und ihr Bruder Iv\u00e1n (Dr. Rimler J\u00e1nos in Szentendre Mutter und Onkel von Emil<\/figcaption><\/figure>\n\n\n\n<div class=\"is-layout-flex wp-container-11 wp-block-columns\">\n<div class=\"is-layout-flow wp-block-column\"><\/div>\n<\/div>\n<\/div>\n\n\n\n<div class=\"is-layout-flow wp-block-column\">\n<figure class=\"wp-block-image size-large is-resized\"><img decoding=\"async\" loading=\"lazy\" src=\"https:\/\/gelleri.de\/wp-content\/uploads\/2023\/01\/sp-1992-a1-Nuci-Sap-Debrecen-1024x699.jpg\" alt=\"\" class=\"wp-image-260\" width=\"307\" height=\"209\" srcset=\"https:\/\/gelleri.de\/wp-content\/uploads\/2023\/01\/sp-1992-a1-Nuci-Sap-Debrecen-1024x699.jpg 1024w, https:\/\/gelleri.de\/wp-content\/uploads\/2023\/01\/sp-1992-a1-Nuci-Sap-Debrecen-300x205.jpg 300w, https:\/\/gelleri.de\/wp-content\/uploads\/2023\/01\/sp-1992-a1-Nuci-Sap-Debrecen-768x524.jpg 768w, https:\/\/gelleri.de\/wp-content\/uploads\/2023\/01\/sp-1992-a1-Nuci-Sap-Debrecen.jpg 1500w\" sizes=\"(max-width: 307px) 100vw, 307px\" \/><figcaption class=\"wp-element-caption\">1992 Nuci (Gelleri Anna) und ihr Bruder Sap (Dr. Emil Gelleri) in Debrecen Vater und Tante von Emil<\/figcaption><\/figure>\n<\/div>\n<\/div>\n\n\n\n<p>gf<\/p>\n\n\n\n<div class=\"is-layout-flex wp-container-17 wp-block-columns\">\n<div class=\"is-layout-flow wp-block-column\">\n<figure class=\"wp-block-image size-large is-resized\"><img decoding=\"async\" loading=\"lazy\" src=\"https:\/\/gelleri.de\/wp-content\/uploads\/2023\/01\/e-bxf2h-0506a-45-Hajna-Emil-Bela-z-1024x631.jpg\" alt=\"\" class=\"wp-image-274\" width=\"310\" height=\"190\" srcset=\"https:\/\/gelleri.de\/wp-content\/uploads\/2023\/01\/e-bxf2h-0506a-45-Hajna-Emil-Bela-z-1024x631.jpg 1024w, https:\/\/gelleri.de\/wp-content\/uploads\/2023\/01\/e-bxf2h-0506a-45-Hajna-Emil-Bela-z-300x185.jpg 300w, https:\/\/gelleri.de\/wp-content\/uploads\/2023\/01\/e-bxf2h-0506a-45-Hajna-Emil-Bela-z-768x473.jpg 768w, https:\/\/gelleri.de\/wp-content\/uploads\/2023\/01\/e-bxf2h-0506a-45-Hajna-Emil-Bela-z-1536x947.jpg 1536w, https:\/\/gelleri.de\/wp-content\/uploads\/2023\/01\/e-bxf2h-0506a-45-Hajna-Emil-Bela-z.jpg 2030w\" sizes=\"(max-width: 310px) 100vw, 310px\" \/><figcaption class=\"wp-element-caption\">2005 G\u00f6nd\u00f6r Hajna, Emil, T\u00f3th B\u00e9la (Ehemann von Hajna<\/figcaption><\/figure>\n<\/div>\n\n\n\n<div class=\"is-layout-flow wp-block-column\">\n<figure class=\"wp-block-image size-large is-resized\"><img decoding=\"async\" loading=\"lazy\" src=\"https:\/\/gelleri.de\/wp-content\/uploads\/2023\/01\/h-Hajna-2015-Csillaghegy-1024x681.jpg\" alt=\"\" class=\"wp-image-267\" width=\"284\" height=\"189\" srcset=\"https:\/\/gelleri.de\/wp-content\/uploads\/2023\/01\/h-Hajna-2015-Csillaghegy-1024x681.jpg 1024w, https:\/\/gelleri.de\/wp-content\/uploads\/2023\/01\/h-Hajna-2015-Csillaghegy-300x199.jpg 300w, https:\/\/gelleri.de\/wp-content\/uploads\/2023\/01\/h-Hajna-2015-Csillaghegy-768x511.jpg 768w, https:\/\/gelleri.de\/wp-content\/uploads\/2023\/01\/h-Hajna-2015-Csillaghegy-1536x1021.jpg 1536w, https:\/\/gelleri.de\/wp-content\/uploads\/2023\/01\/h-Hajna-2015-Csillaghegy-2048x1362.jpg 2048w\" sizes=\"(max-width: 284px) 100vw, 284px\" \/><figcaption class=\"wp-element-caption\">2015 G\u00f6nd\u00f6r Hajna (Emils Cousine) und Emil in Csillaghegy<\/figcaption><\/figure>\n<\/div>\n<\/div>\n\n\n\n<div class=\"is-layout-flex wp-container-20 wp-block-columns\">\n<div class=\"is-layout-flow wp-block-column\">\n<figure class=\"wp-block-image size-large\"><img decoding=\"async\" loading=\"lazy\" width=\"1024\" height=\"768\" src=\"https:\/\/gelleri.de\/wp-content\/uploads\/2023\/01\/lz-bxf2j-0609a-1-Liz-Gunda-Josef-1024x768.jpg\" alt=\"\" class=\"wp-image-289\" srcset=\"https:\/\/gelleri.de\/wp-content\/uploads\/2023\/01\/lz-bxf2j-0609a-1-Liz-Gunda-Josef-1024x768.jpg 1024w, https:\/\/gelleri.de\/wp-content\/uploads\/2023\/01\/lz-bxf2j-0609a-1-Liz-Gunda-Josef-300x225.jpg 300w, https:\/\/gelleri.de\/wp-content\/uploads\/2023\/01\/lz-bxf2j-0609a-1-Liz-Gunda-Josef-768x576.jpg 768w, https:\/\/gelleri.de\/wp-content\/uploads\/2023\/01\/lz-bxf2j-0609a-1-Liz-Gunda-Josef-1536x1152.jpg 1536w, https:\/\/gelleri.de\/wp-content\/uploads\/2023\/01\/lz-bxf2j-0609a-1-Liz-Gunda-Josef-2048x1536.jpg 2048w\" sizes=\"(max-width: 1024px) 100vw, 1024px\" \/><figcaption class=\"wp-element-caption\">2006 Liz (Anneliese Gelleri, geb Feigl), Gunda G\u00f6ttlein (geb. Feigl), Josef Feigl<\/figcaption><\/figure>\n<\/div>\n\n\n\n<div class=\"is-layout-flow wp-block-column\">\n<figure class=\"wp-block-image size-large\"><img decoding=\"async\" loading=\"lazy\" width=\"1024\" height=\"768\" src=\"https:\/\/gelleri.de\/wp-content\/uploads\/2023\/01\/c-gr-1208b-7-Guido-Claudia-1024x768.jpg\" alt=\"\" class=\"wp-image-293\" srcset=\"https:\/\/gelleri.de\/wp-content\/uploads\/2023\/01\/c-gr-1208b-7-Guido-Claudia-1024x768.jpg 1024w, https:\/\/gelleri.de\/wp-content\/uploads\/2023\/01\/c-gr-1208b-7-Guido-Claudia-300x225.jpg 300w, https:\/\/gelleri.de\/wp-content\/uploads\/2023\/01\/c-gr-1208b-7-Guido-Claudia-768x576.jpg 768w, https:\/\/gelleri.de\/wp-content\/uploads\/2023\/01\/c-gr-1208b-7-Guido-Claudia-1536x1152.jpg 1536w, https:\/\/gelleri.de\/wp-content\/uploads\/2023\/01\/c-gr-1208b-7-Guido-Claudia-2048x1536.jpg 2048w\" sizes=\"(max-width: 1024px) 100vw, 1024px\" \/><figcaption class=\"wp-element-caption\">2012 Guido Windisch mit seiner Frau Claudia G\u00f6ttlein<\/figcaption><\/figure>\n<\/div>\n<\/div>\n\n\n\n<p>hh<\/p>\n\n\n\n<div class=\"is-layout-flex wp-container-23 wp-block-columns\">\n<div class=\"is-layout-flow wp-block-column\">\n<figure class=\"wp-block-image size-large\"><img decoding=\"async\" loading=\"lazy\" width=\"1024\" height=\"681\" src=\"https:\/\/gelleri.de\/wp-content\/uploads\/2023\/01\/l-1708wi-6-Tobi-Emil-Liz-1024x681.jpg\" alt=\"\" class=\"wp-image-291\" srcset=\"https:\/\/gelleri.de\/wp-content\/uploads\/2023\/01\/l-1708wi-6-Tobi-Emil-Liz-1024x681.jpg 1024w, https:\/\/gelleri.de\/wp-content\/uploads\/2023\/01\/l-1708wi-6-Tobi-Emil-Liz-300x199.jpg 300w, https:\/\/gelleri.de\/wp-content\/uploads\/2023\/01\/l-1708wi-6-Tobi-Emil-Liz-768x511.jpg 768w, https:\/\/gelleri.de\/wp-content\/uploads\/2023\/01\/l-1708wi-6-Tobi-Emil-Liz-1536x1021.jpg 1536w, https:\/\/gelleri.de\/wp-content\/uploads\/2023\/01\/l-1708wi-6-Tobi-Emil-Liz-2048x1362.jpg 2048w\" sizes=\"(max-width: 1024px) 100vw, 1024px\" \/><figcaption class=\"wp-element-caption\">2017 Tobi, Dr. Bal\u00e1zs Gelleri, Oli und Liz in Bad Wimpfen<\/figcaption><\/figure>\n<\/div>\n\n\n\n<div class=\"is-layout-flow wp-block-column\">\n<figure class=\"wp-block-image size-large is-resized\"><img decoding=\"async\" loading=\"lazy\" src=\"https:\/\/gelleri.de\/wp-content\/uploads\/2023\/01\/v-1907to-3-Tobi-Oli-Grl-1024x768.jpg\" alt=\"\" class=\"wp-image-295\" width=\"298\" height=\"223\" srcset=\"https:\/\/gelleri.de\/wp-content\/uploads\/2023\/01\/v-1907to-3-Tobi-Oli-Grl-1024x768.jpg 1024w, https:\/\/gelleri.de\/wp-content\/uploads\/2023\/01\/v-1907to-3-Tobi-Oli-Grl-300x225.jpg 300w, https:\/\/gelleri.de\/wp-content\/uploads\/2023\/01\/v-1907to-3-Tobi-Oli-Grl-768x576.jpg 768w, https:\/\/gelleri.de\/wp-content\/uploads\/2023\/01\/v-1907to-3-Tobi-Oli-Grl-1536x1152.jpg 1536w, https:\/\/gelleri.de\/wp-content\/uploads\/2023\/01\/v-1907to-3-Tobi-Oli-Grl-2048x1536.jpg 2048w\" sizes=\"(max-width: 298px) 100vw, 298px\" \/><figcaption class=\"wp-element-caption\">2019 Tobias und Oliver<\/figcaption><\/figure>\n<\/div>\n<\/div>\n\n\n\n<p>hh<\/p>\n\n\n\n<p>ab<\/p>\n\n\n\n<p><\/p>\n\n\n\n<p><\/p>\n\n\n\n<p><\/p>\n\n\n\n<p><\/p>\n\n\n\n<p><\/p>\n\n\n\n<p><\/p>\n","protected":false},"excerpt":{"rendered":"<p>Home gf hh hh ab<\/p>\n","protected":false},"author":1,"featured_media":0,"parent":0,"menu_order":0,"comment_status":"closed","ping_status":"closed","template":"","meta":[],"_links":{"self":[{"href":"https:\/\/gelleri.de\/index.php?rest_route=\/wp\/v2\/pages\/131"}],"collection":[{"href":"https:\/\/gelleri.de\/index.php?rest_route=\/wp\/v2\/pages"}],"about":[{"href":"https:\/\/gelleri.de\/index.php?rest_route=\/wp\/v2\/types\/page"}],"author":[{"embeddable":true,"href":"https:\/\/gelleri.de\/index.php?rest_route=\/wp\/v2\/users\/1"}],"replies":[{"embeddable":true,"href":"https:\/\/gelleri.de\/index.php?rest_route=%2Fwp%2Fv2%2Fcomments&post=131"}],"version-history":[{"count":18,"href":"https:\/\/gelleri.de\/index.php?rest_route=\/wp\/v2\/pages\/131\/revisions"}],"predecessor-version":[{"id":300,"href":"https:\/\/gelleri.de\/index.php?rest_route=\/wp\/v2\/pages\/131\/revisions\/300"}],"wp:attachment":[{"href":"https:\/\/gelleri.de\/index.php?rest_route=%2Fwp%2Fv2%2Fmedia&parent=131"}],"curies":[{"name":"wp","href":"https:\/\/api.w.org\/{rel}","templated":true}]}}