{"id":382,"date":"2024-05-27T09:07:42","date_gmt":"2024-05-27T09:07:42","guid":{"rendered":"https:\/\/gelleri.de\/?page_id=382"},"modified":"2024-05-27T09:10:48","modified_gmt":"2024-05-27T09:10:48","slug":"60-jaehriges-abi-treffen-2024","status":"publish","type":"page","link":"https:\/\/gelleri.de\/?page_id=382","title":{"rendered":"60-j\u00e4hriges Abi-Treffen 2024"},"content":{"rendered":"\n<p><a href=\"https:\/\/gelleri.de\/wp-content\/uploads\/2024\/05\/kastl-240520m-pdf-60-jaehriges-Abituriententreffen-2024.pdf\" target=\"_blank\" rel=\"noreferrer noopener\">Bericht \u00fcber die Treffen in Kastl und Gottmadingen 2024<\/a><\/p>\n\n\n\n<p><a href=\"https:\/\/www.youtube.com\/watch?v=1iz3WOymaFk\" target=\"_blank\" rel=\"noreferrer noopener\">Film 50-j\u00e4hriges Abi-Treffen in Budapest 2014<\/a><\/p>\n\n\n\n<p><a href=\"https:\/\/gelleri.de\/wp-content\/uploads\/2024\/05\/bx1j-Klassentreffen-2016-in-Konstanz-161125a-pdf.pdf\" target=\"_blank\" rel=\"noreferrer noopener\">Berich \u00fcber das Treffen in Konstanz 2016<\/a><\/p>\n","protected":false},"excerpt":{"rendered":"<p>Bericht \u00fcber die Treffen in Kastl und Gottmadingen 2024 Film 50-j\u00e4hriges Abi-Treffen in Budapest 2014 Berich \u00fcber das Treffen in Konstanz 2016<\/p>\n","protected":false},"author":1,"featured_media":0,"parent":0,"menu_order":0,"comment_status":"closed","ping_status":"closed","template":"","meta":[],"_links":{"self":[{"href":"https:\/\/gelleri.de\/index.php?rest_route=\/wp\/v2\/pages\/382"}],"collection":[{"href":"https:\/\/gelleri.de\/index.php?rest_route=\/wp\/v2\/pages"}],"about":[{"href":"https:\/\/gelleri.de\/index.php?rest_route=\/wp\/v2\/types\/page"}],"author":[{"embeddable":true,"href":"https:\/\/gelleri.de\/index.php?rest_route=\/wp\/v2\/users\/1"}],"replies":[{"embeddable":true,"href":"https:\/\/gelleri.de\/index.php?rest_route=%2Fwp%2Fv2%2Fcomments&post=382"}],"version-history":[{"count":4,"href":"https:\/\/gelleri.de\/index.php?rest_route=\/wp\/v2\/pages\/382\/revisions"}],"predecessor-version":[{"id":389,"href":"https:\/\/gelleri.de\/index.php?rest_route=\/wp\/v2\/pages\/382\/revisions\/389"}],"wp:attachment":[{"href":"https:\/\/gelleri.de\/index.php?rest_route=%2Fwp%2Fv2%2Fmedia&parent=382"}],"curies":[{"name":"wp","href":"https:\/\/api.w.org\/{rel}","templated":true}]}}